{"id":32,"date":"2018-06-06T13:50:56","date_gmt":"2018-06-06T11:50:56","guid":{"rendered":"http:\/\/nutabene.home.pl\/nowastrona\/?page_id=32"},"modified":"2018-06-12T11:22:45","modified_gmt":"2018-06-12T09:22:45","slug":"karty-podarunkowe","status":"publish","type":"page","link":"https:\/\/nutabene.pl\/index.php\/oferta\/karty-podarunkowe\/","title":{"rendered":"Karty Podarunkowe"},"content":{"rendered":"<p>&nbsp;<\/p>\n<p align=\"center\"><img loading=\"lazy\" decoding=\"async\" class=\"alignnone size-full wp-image-51\" src=\"http:\/\/nutabene.pl\/wp-content\/uploads\/2018\/06\/pobrane.png\" alt=\"\" width=\"150\" height=\"159\" srcset=\"https:\/\/nutabene.pl\/wp-content\/uploads\/2018\/06\/pobrane.png 150w, https:\/\/nutabene.pl\/wp-content\/uploads\/2018\/06\/pobrane-142x150.png 142w\" sizes=\"(max-width: 150px) 100vw, 150px\" \/><\/p>\n<p align=\"center\"><span style=\"font-size: medium;\">Je\u015bli chcesz obdarowa\u0107 najbli\u017cszych<\/span><\/p>\n<p align=\"center\"><span style=\"font-size: medium;\">w mi\u0142y i oryginalny spos\u00f3b,<\/span><\/p>\n<p align=\"center\"><span style=\"font-size: medium;\">zach\u0119camy do zakupu kart<\/span><\/p>\n<p align=\"center\"><span style=\"font-size: medium;\">podarunkowych ( o r\u00f3\u017cnych warto\u015bciach )<\/span><\/p>\n<p align=\"center\"><span style=\"font-size: medium;\">na k<em><span style=\"color: #ff0000;\">u<\/span><\/em>rs nauki gry na gitarze akustycznej<\/span><\/p>\n<p align=\"center\"><span style=\"font-size: medium;\">i elektrycznej lub keyboardzie !<\/span><\/p>\n<p align=\"center\"><span style=\"font-size: medium;\">By\u0107 mo\u017ce kto\u015b z Waszego otoczenia<\/span><\/p>\n<p align=\"center\"><span style=\"font-size: medium;\">dzi\u0119ki takiemu prezentowi<\/span><\/p>\n<p align=\"center\"><span style=\"font-size: medium;\">odkryje w sobie now\u0105 pasj\u0119 !<\/span><\/p>\n<p align=\"center\"><span style=\"font-size: medium;\">Kurs przeznaczony jest dla os\u00f3b<\/span><\/p>\n<p align=\"center\"><span style=\"font-size: medium;\">w ka\u017cdym wieku<\/span><\/p>\n<p align=\"center\"><span style=\"font-size: medium;\">i na ka\u017cdym poziomie zaawansowania !!<\/span><\/p>\n","protected":false},"excerpt":{"rendered":"<p>&nbsp; Je\u015bli chcesz obdarowa\u0107 najbli\u017cszych w mi\u0142y i oryginalny spos\u00f3b, zach\u0119camy do zakupu kart podarunkowych ( o r\u00f3\u017cnych warto\u015bciach ) na kurs nauki gry na gitarze akustycznej i elektrycznej lub &#8230;<\/p>\n","protected":false},"author":1,"featured_media":0,"parent":23,"menu_order":0,"comment_status":"closed","ping_status":"closed","template":"","meta":{"footnotes":""},"_links":{"self":[{"href":"https:\/\/nutabene.pl\/index.php\/wp-json\/wp\/v2\/pages\/32"}],"collection":[{"href":"https:\/\/nutabene.pl\/index.php\/wp-json\/wp\/v2\/pages"}],"about":[{"href":"https:\/\/nutabene.pl\/index.php\/wp-json\/wp\/v2\/types\/page"}],"author":[{"embeddable":true,"href":"https:\/\/nutabene.pl\/index.php\/wp-json\/wp\/v2\/users\/1"}],"replies":[{"embeddable":true,"href":"https:\/\/nutabene.pl\/index.php\/wp-json\/wp\/v2\/comments?post=32"}],"version-history":[{"count":5,"href":"https:\/\/nutabene.pl\/index.php\/wp-json\/wp\/v2\/pages\/32\/revisions"}],"predecessor-version":[{"id":181,"href":"https:\/\/nutabene.pl\/index.php\/wp-json\/wp\/v2\/pages\/32\/revisions\/181"}],"up":[{"embeddable":true,"href":"https:\/\/nutabene.pl\/index.php\/wp-json\/wp\/v2\/pages\/23"}],"wp:attachment":[{"href":"https:\/\/nutabene.pl\/index.php\/wp-json\/wp\/v2\/media?parent=32"}],"curies":[{"name":"wp","href":"https:\/\/api.w.org\/{rel}","templated":true}]}}